{"id":19,"date":"2021-07-27T18:49:09","date_gmt":"2021-07-27T21:49:09","guid":{"rendered":"http:\/\/192.168.0.106\/stacione\/?page_id=19"},"modified":"2025-09-09T21:36:18","modified_gmt":"2025-09-10T00:36:18","slug":"lajeado","status":"publish","type":"page","link":"https:\/\/stacionepay.com.br\/site\/lajeado\/","title":{"rendered":"Stacione Lajeado"},"content":{"rendered":"\n<h2>COMO FUNCIONA<\/h2>\n\n\n\n<p>Conhe\u00e7a melhor o Stacione Rotativo,<br>um sistema moderno e pr\u00e1tico que facilitar\u00e1 ao usu\u00e1rio a encontrar<br>uma vaga para estacionar no centro de Lajeado.<\/p>\n\n\n\n<p><strong>Sede Lajeado:<\/strong><\/p>\n\n\n\n<p>Rua: Pinheiro Machado, 589, Centro<br><\/p>\n\n\n\n<p>Ligar para 0800 591 6594<\/p>\n\n\n\n<p>Whatsapp 0800 591 7541<\/p>\n\n\n\n<p><\/p>\n\n\n\n<div style=\"height:50px\" aria-hidden=\"true\" class=\"wp-block-spacer\"><\/div>\n\n\n\n<h2 class=\"has-white-color has-text-color\"><strong><meta charset=\"utf-8\"><strong>HOR\u00c1RIO DE FUNCIONAMENTO<\/strong><\/strong><\/h2>\n\n\n\n<div style=\"height:50px\" aria-hidden=\"true\" class=\"wp-block-spacer\"><\/div>\n\n\n\n<figure class=\"wp-block-table is-style-stripes\"><table><tbody><tr><td class=\"has-text-align-center\" data-align=\"center\">SEGUNDA \u00c0 SEXTA<\/td><td class=\"has-text-align-center\" data-align=\"center\">S\u00c1BADOS<\/td><\/tr><tr><td class=\"has-text-align-center\" data-align=\"center\">das 08:00 \u00e0s 18:00<\/td><td class=\"has-text-align-center\" data-align=\"center\">das 08:00 \u00e0s 12:00<\/td><\/tr><\/tbody><\/table><\/figure>\n\n\n\n<div style=\"height:51px\" aria-hidden=\"true\" class=\"wp-block-spacer\"><\/div>\n\n\n\n<h2 class=\"has-white-color has-text-color\"><strong>TARIFAS<\/strong><\/h2>\n\n\n\n<div style=\"height:51px\" aria-hidden=\"true\" class=\"wp-block-spacer\"><\/div>\n\n\n\n<figure class=\"wp-block-table is-style-stripes\"><table><tbody><tr><td class=\"has-text-align-center\" data-align=\"center\">15 minutos<\/td><td class=\"has-text-align-center\" data-align=\"center\">R$ 0,70<\/td><\/tr><tr><td class=\"has-text-align-center\" data-align=\"center\">30 minutos<\/td><td class=\"has-text-align-center\" data-align=\"center\">R$ 1,45<\/td><\/tr><tr><td class=\"has-text-align-center\" data-align=\"center\">60 minutos<\/td><td class=\"has-text-align-center\" data-align=\"center\">R$ 2,90<\/td><\/tr><tr><td class=\"has-text-align-center\" data-align=\"center\">90 minutos<\/td><td class=\"has-text-align-center\" data-align=\"center\">R$ 4,35<\/td><\/tr><tr><td class=\"has-text-align-center\" data-align=\"center\">120 minutos<\/td><td class=\"has-text-align-center\" data-align=\"center\">R$ 5,80<\/td><\/tr><\/tbody><\/table><\/figure>\n\n\n\n<div style=\"height:50px\" aria-hidden=\"true\" class=\"wp-block-spacer\"><\/div>\n\n\n\n<p>O usu\u00e1rio poder\u00e1 utilizar as vagas da \u00c1rea Azul de Lajeado durante o dia todo, devendo mudar o ve\u00edculo de vaga dentro do per\u00edodo definido para a \u00e1rea onde estacionou.<br>O per\u00edodo m\u00e1ximo para estacionamento em uma vaga \u00e9 de 2 horas consecutivas.<\/p>\n\n\n\n<p><\/p>\n\n\n\n<p><\/p>\n\n\n\n<div style=\"height:50px\" aria-hidden=\"true\" class=\"wp-block-spacer\"><\/div>\n\n\n\n<h2 class=\"has-text-align-center has-white-color has-text-color\"><strong> <strong>Perguntas frequentes<\/strong> <\/strong><\/h2>\n","protected":false},"excerpt":{"rendered":"<p>COMO FUNCIONA Conhe\u00e7a melhor o Stacione Rotativo,um sistema moderno e pr\u00e1tico que facilitar\u00e1 ao usu\u00e1rio a encontraruma vaga para estacionar no centro de Lajeado. Sede Lajeado: Rua: Pinheiro Machado, 589, Centro Ligar para 0800 591 6594 Whatsapp 0800 591 7541 HOR\u00c1RIO DE FUNCIONAMENTO SEGUNDA \u00c0 SEXTA S\u00c1BADOS das 08:00 \u00e0s 18:00 das 08:00 \u00e0s 12:00 &hellip; <\/p>\n<p class=\"link-more\"><a href=\"https:\/\/stacionepay.com.br\/site\/lajeado\/\" class=\"more-link\">Continue reading<span class=\"screen-reader-text\"> &#8220;Stacione Lajeado&#8221;<\/span><\/a><\/p>\n","protected":false},"author":1,"featured_media":0,"parent":0,"menu_order":0,"comment_status":"closed","ping_status":"closed","template":"","meta":[],"_links":{"self":[{"href":"https:\/\/stacionepay.com.br\/site\/wp-json\/wp\/v2\/pages\/19"}],"collection":[{"href":"https:\/\/stacionepay.com.br\/site\/wp-json\/wp\/v2\/pages"}],"about":[{"href":"https:\/\/stacionepay.com.br\/site\/wp-json\/wp\/v2\/types\/page"}],"author":[{"embeddable":true,"href":"https:\/\/stacionepay.com.br\/site\/wp-json\/wp\/v2\/users\/1"}],"replies":[{"embeddable":true,"href":"https:\/\/stacionepay.com.br\/site\/wp-json\/wp\/v2\/comments?post=19"}],"version-history":[{"count":30,"href":"https:\/\/stacionepay.com.br\/site\/wp-json\/wp\/v2\/pages\/19\/revisions"}],"predecessor-version":[{"id":377,"href":"https:\/\/stacionepay.com.br\/site\/wp-json\/wp\/v2\/pages\/19\/revisions\/377"}],"wp:attachment":[{"href":"https:\/\/stacionepay.com.br\/site\/wp-json\/wp\/v2\/media?parent=19"}],"curies":[{"name":"wp","href":"https:\/\/api.w.org\/{rel}","templated":true}]}}