{"id":21,"date":"2021-07-27T18:49:53","date_gmt":"2021-07-27T21:49:53","guid":{"rendered":"http:\/\/192.168.0.106\/stacione\/?page_id=21"},"modified":"2025-04-08T15:56:58","modified_gmt":"2025-04-08T18:56:58","slug":"marau","status":"publish","type":"page","link":"https:\/\/stacionepay.com.br\/site\/marau\/","title":{"rendered":"Stacione Marau"},"content":{"rendered":"\n<h2>COMO FUNCIONA<\/h2>\n\n\n\n<p>Conhe\u00e7a melhor o Stacione Rotativo,<br>um sistema moderno e pr\u00e1tico que facilitar\u00e1 ao usu\u00e1rio a encontrar<br>uma vaga para estacionar no centro de Marau.<\/p>\n\n\n\n<p>S<strong>ede Marau<\/strong><\/p>\n\n\n\n<p>Rua: Gilda Fialho 300, sala 201\/202.<br><meta charset=\"utf-8\"><\/p>\n\n\n\n<p>Ligar para 0800 591 6594<\/p>\n\n\n\n<p>Whatsapp 0800 591 7541<\/p>\n\n\n\n<div style=\"height:51px\" aria-hidden=\"true\" class=\"wp-block-spacer\"><\/div>\n\n\n\n<h2 class=\"has-white-color has-text-color\"><strong>HOR\u00c1RIO DE FUNCIONAMENTO<\/strong><\/h2>\n\n\n\n<div style=\"height:50px\" aria-hidden=\"true\" class=\"wp-block-spacer\"><\/div>\n\n\n\n<figure class=\"wp-block-table is-style-stripes\"><table><tbody><tr><td class=\"has-text-align-center\" data-align=\"center\">SEGUNDA \u00c0 SEXTA<\/td><td class=\"has-text-align-center\" data-align=\"center\">S\u00c1BADOS<\/td><\/tr><tr><td class=\"has-text-align-center\" data-align=\"center\">das 08:00 \u00e0s 12:00<br>das 13:00 \u00e0s 18:00<\/td><td class=\"has-text-align-center\" data-align=\"center\">das 08:00 \u00e0s 12:00<\/td><\/tr><\/tbody><\/table><\/figure>\n\n\n\n<div style=\"height:51px\" aria-hidden=\"true\" class=\"wp-block-spacer\"><\/div>\n\n\n\n<h2 class=\"has-white-color has-text-color\"><strong>TARIFAS<\/strong><\/h2>\n\n\n\n<figure class=\"wp-block-table is-style-stripes\"><table><tbody><tr><td class=\"has-text-align-center\" data-align=\"center\">30 min<\/td><td class=\"has-text-align-center\" data-align=\"center\">R$ 1,20<br>(Apenas pelo APP)<\/td><\/tr><tr><td class=\"has-text-align-center\" data-align=\"center\">60 min<\/td><td class=\"has-text-align-center\" data-align=\"center\">R$ 2,40<\/td><\/tr><tr><td class=\"has-text-align-center\" data-align=\"center\">120 min<\/td><td class=\"has-text-align-center\" data-align=\"center\">R$ 4,80<\/td><\/tr><tr><td class=\"has-text-align-center\" data-align=\"center\">TPU<\/td><td class=\"has-text-align-center\" data-align=\"center\">R$ 24,00<\/td><\/tr><tr><td class=\"has-text-align-center\" data-align=\"center\">PNE<\/td><td class=\"has-text-align-center\" data-align=\"center\">Isentos, no m\u00e1ximo 2 hrs<\/td><\/tr><\/tbody><\/table><\/figure>\n\n\n\n<div style=\"height:50px\" aria-hidden=\"true\" class=\"wp-block-spacer\"><\/div>\n\n\n\n<p>Lembre-se de adquirir o tiquete de estacionamento de forma antecipada. O n\u00e3o pagamento ou uso incorreto das vagas estar\u00e1 sujeito a san\u00e7\u00f5es administrativas e auto de infra\u00e7\u00e3o de tr\u00e2nsito conforme Legisla\u00e7\u00e3o Municipal e C\u00f3digo de Tr\u00e2nsito Brasileiro.<\/p>\n\n\n\n<p><strong>Motocicletas est\u00e3o livres de pagamento<\/strong><\/p>\n\n\n\n<p>Motocicletas n\u00e3o poder\u00e3o estacionar em vagas destinadas a carros, assim como carros n\u00e3o poder\u00e3o estacionar sobre vagas destinadas a motocicletas.<\/p>\n\n\n\n<div style=\"height:50px\" aria-hidden=\"true\" class=\"wp-block-spacer\"><\/div>\n\n\n\n<h2 class=\"has-text-align-center has-white-color has-text-color\"><strong> <strong>Perguntas frequentes<\/strong> <\/strong><\/h2>\n","protected":false},"excerpt":{"rendered":"<p>COMO FUNCIONA Conhe\u00e7a melhor o Stacione Rotativo,um sistema moderno e pr\u00e1tico que facilitar\u00e1 ao usu\u00e1rio a encontraruma vaga para estacionar no centro de Marau. Sede Marau Rua: Gilda Fialho 300, sala 201\/202. Ligar para 0800 591 6594 Whatsapp 0800 591 7541 HOR\u00c1RIO DE FUNCIONAMENTO SEGUNDA \u00c0 SEXTA S\u00c1BADOS das 08:00 \u00e0s 12:00das 13:00 \u00e0s 18:00 &hellip; <\/p>\n<p class=\"link-more\"><a href=\"https:\/\/stacionepay.com.br\/site\/marau\/\" class=\"more-link\">Continue reading<span class=\"screen-reader-text\"> &#8220;Stacione Marau&#8221;<\/span><\/a><\/p>\n","protected":false},"author":1,"featured_media":0,"parent":0,"menu_order":0,"comment_status":"closed","ping_status":"closed","template":"","meta":[],"_links":{"self":[{"href":"https:\/\/stacionepay.com.br\/site\/wp-json\/wp\/v2\/pages\/21"}],"collection":[{"href":"https:\/\/stacionepay.com.br\/site\/wp-json\/wp\/v2\/pages"}],"about":[{"href":"https:\/\/stacionepay.com.br\/site\/wp-json\/wp\/v2\/types\/page"}],"author":[{"embeddable":true,"href":"https:\/\/stacionepay.com.br\/site\/wp-json\/wp\/v2\/users\/1"}],"replies":[{"embeddable":true,"href":"https:\/\/stacionepay.com.br\/site\/wp-json\/wp\/v2\/comments?post=21"}],"version-history":[{"count":17,"href":"https:\/\/stacionepay.com.br\/site\/wp-json\/wp\/v2\/pages\/21\/revisions"}],"predecessor-version":[{"id":372,"href":"https:\/\/stacionepay.com.br\/site\/wp-json\/wp\/v2\/pages\/21\/revisions\/372"}],"wp:attachment":[{"href":"https:\/\/stacionepay.com.br\/site\/wp-json\/wp\/v2\/media?parent=21"}],"curies":[{"name":"wp","href":"https:\/\/api.w.org\/{rel}","templated":true}]}}